{"id":338,"date":"2020-06-25T15:15:42","date_gmt":"2020-06-25T13:15:42","guid":{"rendered":"https:\/\/s2.netfactory.usermd.net\/?page_id=338"},"modified":"2026-04-10T10:46:06","modified_gmt":"2026-04-10T08:46:06","slug":"kontakt","status":"publish","type":"page","link":"http:\/\/www.osadawidokowakoscielisko.pl\/en\/kontakt\/","title":{"rendered":"Contact"},"content":{"rendered":"<div id=\"div_block-2-338\" class=\"ct-div-block\" ><div id=\"div_block-3-338\" class=\"ct-div-block\" ><\/div><\/div><div id=\"div_block-4-338\" class=\"ct-div-block\" ><\/div><section id=\"section-5-338\" class=\"ct-section\" ><div class=\"ct-section-inner-wrap\"><div id=\"div_block-6-338\" class=\"ct-div-block\" ><h2 id=\"headline-7-338\" class=\"ct-headline\">Contact<\/h2><div id=\"text_block-8-338\" class=\"ct-text-block\" >If you have any questions, please leave a message in the contact form. If you prefer direct contact, please call the number provided below.<div><br><\/div><div>G\u00d3RSKA GRUPA HOTELOWA\nSP\u00d3\u0141KA Z OGRANICZON\u0104 ODPOWIEDZIALNO\u015aCI\u0104\nChyc\u00f3w Potok 26 \/ 2, 34-500 Zakopane, Polska\n\u200b\u200b\u200b\u200b\u200b\u200b\u200bNIP: 7361748232<br><div><br><\/div><\/div><\/div><div id=\"div_block-9-338\" class=\"ct-div-block\" ><div id=\"div_block-10-338\" class=\"ct-div-block contact-tile\" ><div id=\"fancy_icon-11-338\" class=\"ct-fancy-icon\" ><svg id=\"svg-fancy_icon-11-338\"><use xlink:href=\"#FontAwesomeicon-phone\"><\/use><\/svg><\/div><div id=\"text_block-12-338\" class=\"ct-text-block\" >PHONE<br>+48 696 773 773&nbsp;&nbsp;<br><\/div><\/div><div id=\"div_block-13-338\" class=\"ct-div-block contact-tile\" ><div id=\"fancy_icon-14-338\" class=\"ct-fancy-icon\" ><svg id=\"svg-fancy_icon-14-338\"><use xlink:href=\"#FontAwesomeicon-envelope-o\"><\/use><\/svg><\/div><div id=\"text_block-15-338\" class=\"ct-text-block\" >EMAIL<br><div>recepcja@<\/div><div>osada<\/div><div>widokowa.pl<\/div><div><br><\/div><\/div><\/div><div id=\"div_block-16-338\" class=\"ct-div-block contact-tile\" ><div id=\"fancy_icon-17-338\" class=\"ct-fancy-icon\" ><svg id=\"svg-fancy_icon-17-338\"><use xlink:href=\"#FontAwesomeicon-map-marker\"><\/use><\/svg><\/div><div id=\"text_block-18-338\" class=\"ct-text-block\" >ADDRESS<br>N\u0119dzy Kubi\u0144ca<div>&nbsp;141, 34-511 Ko\u015bcielisko<\/div><\/div><\/div><\/div><a id=\"link-19-338\" class=\"ct-link button\" href=\"https:\/\/www.facebook.com\/\" target=\"_self\"  ><div id=\"fancy_icon-20-338\" class=\"ct-fancy-icon\" ><svg id=\"svg-fancy_icon-20-338\"><use xlink:href=\"#FontAwesomeicon-facebook\"><\/use><\/svg><\/div><\/a><\/div><div id=\"div_block-21-338\" class=\"ct-div-block\" ><div id=\"code_block-35-338\" class=\"ct-code-block\" >hello world!<\/div><h2 id=\"headline-22-338\" class=\"ct-headline\">Contact form<\/h2><div id=\"shortcode-23-338\" class=\"ct-shortcode\" >\n<div class=\"wpcf7 no-js\" id=\"wpcf7-f36-o1\" lang=\"pl-PL\" dir=\"ltr\">\n<div class=\"screen-reader-response\"><p role=\"status\" aria-live=\"polite\" aria-atomic=\"true\"><\/p> <ul><\/ul><\/div>\n<form action=\"\/en\/wp-json\/wp\/v2\/pages\/338#wpcf7-f36-o1\" method=\"post\" class=\"wpcf7-form init\" aria-label=\"Contact form\" novalidate=\"novalidate\" data-status=\"init\" data-trp-original-action=\"\/en\/wp-json\/wp\/v2\/pages\/338#wpcf7-f36-o1\">\n<div style=\"display: none;\">\n<input type=\"hidden\" name=\"_wpcf7\" value=\"36\" \/>\n<input type=\"hidden\" name=\"_wpcf7_version\" value=\"5.8.1\" \/>\n<input type=\"hidden\" name=\"_wpcf7_locale\" value=\"pl_PL\" \/>\n<input type=\"hidden\" name=\"_wpcf7_unit_tag\" value=\"wpcf7-f36-o1\" \/>\n<input type=\"hidden\" name=\"_wpcf7_container_post\" value=\"0\" \/>\n<input type=\"hidden\" name=\"_wpcf7_posted_data_hash\" value=\"\" \/>\n<\/div>\n<p><label for=\"name\">Imi\u0119 i nazwisko (wymagane)<\/label><br \/>\n<span class=\"wpcf7-form-control-wrap\" data-name=\"your-name\"><input size=\"40\" class=\"wpcf7-form-control wpcf7-text wpcf7-validates-as-required form-text\" id=\"name\" aria-required=\"true\" aria-invalid=\"false\" placeholder=\"Imi\u0119 i nazwisko\" value=\"\" type=\"text\" name=\"your-name\" \/><\/span>\n<\/p>\n<p><label for=\"email\">Adres e-mail (wymagane)<\/label><br \/>\n<span class=\"wpcf7-form-control-wrap\" data-name=\"your-email\"><input size=\"40\" class=\"wpcf7-form-control wpcf7-email wpcf7-validates-as-required wpcf7-text wpcf7-validates-as-email form-text\" id=\"email\" aria-required=\"true\" aria-invalid=\"false\" placeholder=\"Adres e-mail\" value=\"\" type=\"email\" name=\"your-email\" \/><\/span>\n<\/p>\n<p><label for=\"name\">Numer telefonu<\/label><br \/>\n<span class=\"wpcf7-form-control-wrap\" data-name=\"your-phone\"><input size=\"40\" class=\"wpcf7-form-control wpcf7-text form-text\" id=\"phone\" aria-invalid=\"false\" placeholder=\"Numer telefonu\" value=\"\" type=\"text\" name=\"your-phone\" \/><\/span>\n<\/p>\n<p><label for=\"message\">Tre\u015b\u0107 wiadomo\u015bci<\/label><br \/>\n<span class=\"wpcf7-form-control-wrap\" data-name=\"your-message\"><textarea cols=\"40\" rows=\"4\" class=\"wpcf7-form-control wpcf7-textarea form-text\" id=\"message\" aria-invalid=\"false\" placeholder=\"Wiadomo\u015b\u0107\" name=\"your-message\"><\/textarea><\/span>\n<\/p>\n<p><span class=\"wpcf7-form-control-wrap\" data-name=\"acceptance-530\"><span class=\"wpcf7-form-control wpcf7-acceptance\"><span class=\"wpcf7-list-item\"><label><input type=\"checkbox\" name=\"acceptance-530\" value=\"1\" aria-invalid=\"false\" \/><span class=\"wpcf7-list-item-label\">By clicking the \"Send\" button, you consent to the processing of your personal data for the purpose of handling your inquiry <a id=\"acceptance-more\"><\/a><\/span><\/label><\/span><\/span><\/span>\n<\/p>\n<p><input class=\"wpcf7-form-control wpcf7-submit has-spinner button\" type=\"submit\" value=\"Wy\u015blij wiadomo\u015b\u0107\" \/>\n<\/p><div class=\"wpcf7-response-output\" aria-hidden=\"true\"><\/div>\n<input type=\"hidden\" name=\"trp-form-language\" value=\"en\"\/><\/form>\n<\/div>\n<\/div><\/div><\/div><\/section>            <div tabindex=\"-1\" class=\"oxy-modal-backdrop center\"\n                style=\"background-color: rgba(0,0,0,0.5);\"\n                data-trigger=\"user_clicks_element\"                data-trigger-selector=\"#shortcode-23-338 #acceptance-more\"                data-trigger-time=\"5\"                data-trigger-time-unit=\"seconds\"                data-close-automatically=\"no\"                data-close-after-time=\"10\"                data-close-after-time-unit=\"seconds\"                data-trigger_scroll_amount=\"50\"                data-trigger_scroll_direction=\"down\"\t            data-scroll_to_selector=\"\"\t            data-time_inactive=\"60\"\t            data-time-inactive-unit=\"seconds\"\t            data-number_of_clicks=\"3\"\t            data-close_on_esc=\"on\"\t            data-number_of_page_views=\"3\"                data-close-after-form-submit=\"no\"                data-open-again=\"always_show\"                data-open-again-after-days=\"3\"            >\n\n                <div id=\"modal-29-338\" class=\"ct-modal\" ><div id=\"fancy_icon-30-338\" class=\"ct-fancy-icon oxy-close-modal\" ><svg id=\"svg-fancy_icon-30-338\"><use xlink:href=\"#FontAwesomeicon-close\"><\/use><\/svg><\/div><h2 id=\"headline-31-338\" class=\"ct-headline\">Ochrona danych osobowych<\/h2><div id=\"_rich_text-32-338\" class=\"oxy-rich-text\" ><p>Zgodnie z art. 13 og\u00f3lnego rozporz\u0105dzenia o ochronie danych osobowych z dnia 27 kwietnia 2016 r. (Dz. Urz. UE L 119 z 04.05.2016) informuj\u0119, i\u017c:<\/p><ol><li>administratorem Pani\/Pana danych osobowych jest NAZWA FIRMY \u2013 ADRES FIRMY + NIP<\/li><li>kontakt z Inspektorem Ochrony Danych \u2013 ADRES EMAIL<\/li><li>Pani\/Pana dane osobowe przetwarzane b\u0119d\u0105 w celu korzystania z us\u0142ug hotelowych \u2013 na podstawie Art. 6 ust. 1 lit. b og\u00f3lnego rozporz\u0105dzenia o ochronie danych osobowych z dnia 27 kwietnia 2016 r.<\/li><li>odbiorcami Pani\/Pana danych osobowych b\u0119d\u0105 wy\u0142\u0105cznie podmioty uprawnione do uzyskania danych osobowych na podstawie przepis\u00f3w prawa oraz podmioty uczestnicz\u0105ce w realizacji us\u0142ug<\/li><li>Pani\/Pana dane osobowe przechowywane b\u0119d\u0105 bezterminowo<\/li><li>posiada Pani\/Pan prawo do \u017c\u0105dania od administratora dost\u0119pu do danych osobowych, prawo do ich sprostowania, usuni\u0119cia lub ograniczenia przetwarzania oraz prawo do przenoszenia danych<\/li><li>ma Pani\/Pan prawo wniesienia skargi do organu nadzorczego<\/li><li>podanie danych osobowych jest dobrowolne, jednak\u017ce odmowa podania danych mo\u017ce skutkowa\u0107 odmow\u0105 realizacji us\u0142ugi\/umowy<\/li><\/ol><\/div><\/div>\n            <\/div>","protected":false},"excerpt":{"rendered":"","protected":false},"author":1,"featured_media":0,"parent":0,"menu_order":0,"comment_status":"closed","ping_status":"closed","template":"","meta":{"footnotes":""},"yoast_head":"<!-- This site is optimized with the Yoast SEO plugin v21.4 - https:\/\/yoast.com\/wordpress\/plugins\/seo\/ -->\n<title>Informacje kontaktowe - Osada Widokowa Ko\u015bcielisko<\/title>\n<meta name=\"description\" content=\"Na stronie znajdziesz informacje kontaktowe, numer telefonu oraz adres e-mail do Osady Widokowej Ko\u015bcielisko.\" \/>\n<meta name=\"robots\" content=\"index, follow, max-snippet:-1, max-image-preview:large, max-video-preview:-1\" \/>\n<link rel=\"canonical\" href=\"http:\/\/www.osadawidokowakoscielisko.pl\/en\/kontakt\/\" \/>\n<meta property=\"og:locale\" content=\"en_US\" \/>\n<meta property=\"og:type\" content=\"article\" \/>\n<meta property=\"og:title\" content=\"Informacje kontaktowe - Osada Widokowa Ko\u015bcielisko\" \/>\n<meta property=\"og:description\" content=\"Na stronie znajdziesz informacje kontaktowe, numer telefonu oraz adres e-mail do Osady Widokowej Ko\u015bcielisko.\" \/>\n<meta property=\"og:url\" content=\"http:\/\/www.osadawidokowakoscielisko.pl\/en\/kontakt\/\" \/>\n<meta property=\"og:site_name\" content=\"Osada Widokowa Ko\u015bcielisko\" \/>\n<meta property=\"article:modified_time\" content=\"2026-04-10T08:46:06+00:00\" \/>\n<meta name=\"twitter:card\" content=\"summary_large_image\" \/>\n<script type=\"application\/ld+json\" class=\"yoast-schema-graph\">{\"@context\":\"https:\/\/schema.org\",\"@graph\":[{\"@type\":\"WebPage\",\"@id\":\"https:\/\/www.osadawidokowakoscielisko.pl\/kontakt\/\",\"url\":\"https:\/\/www.osadawidokowakoscielisko.pl\/kontakt\/\",\"name\":\"Informacje kontaktowe - Osada Widokowa Ko\u015bcielisko\",\"isPartOf\":{\"@id\":\"https:\/\/www.osadawidokowakoscielisko.pl\/#website\"},\"datePublished\":\"2020-06-25T13:15:42+00:00\",\"dateModified\":\"2026-04-10T08:46:06+00:00\",\"description\":\"Na stronie znajdziesz informacje kontaktowe, numer telefonu oraz adres e-mail do Osady Widokowej Ko\u015bcielisko.\",\"breadcrumb\":{\"@id\":\"https:\/\/www.osadawidokowakoscielisko.pl\/kontakt\/#breadcrumb\"},\"inLanguage\":\"en-US\",\"potentialAction\":[{\"@type\":\"ReadAction\",\"target\":[\"https:\/\/www.osadawidokowakoscielisko.pl\/kontakt\/\"]}]},{\"@type\":\"BreadcrumbList\",\"@id\":\"https:\/\/www.osadawidokowakoscielisko.pl\/kontakt\/#breadcrumb\",\"itemListElement\":[{\"@type\":\"ListItem\",\"position\":1,\"name\":\"Strona g\u0142\u00f3wna\",\"item\":\"https:\/\/www.osadawidokowakoscielisko.pl\/\"},{\"@type\":\"ListItem\",\"position\":2,\"name\":\"Kontakt\"}]},{\"@type\":\"WebSite\",\"@id\":\"https:\/\/www.osadawidokowakoscielisko.pl\/#website\",\"url\":\"https:\/\/www.osadawidokowakoscielisko.pl\/\",\"name\":\"Osada Widokowa Ko\u015bcielisko\",\"description\":\"\",\"potentialAction\":[{\"@type\":\"SearchAction\",\"target\":{\"@type\":\"EntryPoint\",\"urlTemplate\":\"https:\/\/www.osadawidokowakoscielisko.pl\/?s={search_term_string}\"},\"query-input\":\"required name=search_term_string\"}],\"inLanguage\":\"en-US\"}]}<\/script>\n<!-- \/ Yoast SEO plugin. -->","yoast_head_json":{"title":"Informacje kontaktowe - Osada Widokowa Ko\u015bcielisko","description":"Na stronie znajdziesz informacje kontaktowe, numer telefonu oraz adres e-mail do Osady Widokowej Ko\u015bcielisko.","robots":{"index":"index","follow":"follow","max-snippet":"max-snippet:-1","max-image-preview":"max-image-preview:large","max-video-preview":"max-video-preview:-1"},"canonical":"http:\/\/www.osadawidokowakoscielisko.pl\/en\/kontakt\/","og_locale":"en_US","og_type":"article","og_title":"Informacje kontaktowe - Osada Widokowa Ko\u015bcielisko","og_description":"Na stronie znajdziesz informacje kontaktowe, numer telefonu oraz adres e-mail do Osady Widokowej Ko\u015bcielisko.","og_url":"http:\/\/www.osadawidokowakoscielisko.pl\/en\/kontakt\/","og_site_name":"Osada Widokowa Ko\u015bcielisko","article_modified_time":"2026-04-10T08:46:06+00:00","twitter_card":"summary_large_image","schema":{"@context":"https:\/\/schema.org","@graph":[{"@type":"WebPage","@id":"https:\/\/www.osadawidokowakoscielisko.pl\/kontakt\/","url":"https:\/\/www.osadawidokowakoscielisko.pl\/kontakt\/","name":"Informacje kontaktowe - Osada Widokowa Ko\u015bcielisko","isPartOf":{"@id":"https:\/\/www.osadawidokowakoscielisko.pl\/#website"},"datePublished":"2020-06-25T13:15:42+00:00","dateModified":"2026-04-10T08:46:06+00:00","description":"Na stronie znajdziesz informacje kontaktowe, numer telefonu oraz adres e-mail do Osady Widokowej Ko\u015bcielisko.","breadcrumb":{"@id":"https:\/\/www.osadawidokowakoscielisko.pl\/kontakt\/#breadcrumb"},"inLanguage":"en-US","potentialAction":[{"@type":"ReadAction","target":["https:\/\/www.osadawidokowakoscielisko.pl\/kontakt\/"]}]},{"@type":"BreadcrumbList","@id":"https:\/\/www.osadawidokowakoscielisko.pl\/kontakt\/#breadcrumb","itemListElement":[{"@type":"ListItem","position":1,"name":"Strona g\u0142\u00f3wna","item":"https:\/\/www.osadawidokowakoscielisko.pl\/"},{"@type":"ListItem","position":2,"name":"Kontakt"}]},{"@type":"WebSite","@id":"https:\/\/www.osadawidokowakoscielisko.pl\/#website","url":"https:\/\/www.osadawidokowakoscielisko.pl\/","name":"Osada Widokowa Ko\u015bcielisko","description":"","potentialAction":[{"@type":"SearchAction","target":{"@type":"EntryPoint","urlTemplate":"https:\/\/www.osadawidokowakoscielisko.pl\/?s={search_term_string}"},"query-input":"required name=search_term_string"}],"inLanguage":"en-US"}]}},"_links":{"self":[{"href":"http:\/\/www.osadawidokowakoscielisko.pl\/en\/wp-json\/wp\/v2\/pages\/338"}],"collection":[{"href":"http:\/\/www.osadawidokowakoscielisko.pl\/en\/wp-json\/wp\/v2\/pages"}],"about":[{"href":"http:\/\/www.osadawidokowakoscielisko.pl\/en\/wp-json\/wp\/v2\/types\/page"}],"author":[{"embeddable":true,"href":"http:\/\/www.osadawidokowakoscielisko.pl\/en\/wp-json\/wp\/v2\/users\/1"}],"replies":[{"embeddable":true,"href":"http:\/\/www.osadawidokowakoscielisko.pl\/en\/wp-json\/wp\/v2\/comments?post=338"}],"version-history":[{"count":10,"href":"http:\/\/www.osadawidokowakoscielisko.pl\/en\/wp-json\/wp\/v2\/pages\/338\/revisions"}],"predecessor-version":[{"id":1575,"href":"http:\/\/www.osadawidokowakoscielisko.pl\/en\/wp-json\/wp\/v2\/pages\/338\/revisions\/1575"}],"wp:attachment":[{"href":"http:\/\/www.osadawidokowakoscielisko.pl\/en\/wp-json\/wp\/v2\/media?parent=338"}],"curies":[{"name":"wp","href":"https:\/\/api.w.org\/{rel}","templated":true}]}}