{"id":685,"date":"2023-10-16T12:26:58","date_gmt":"2023-10-16T10:26:58","guid":{"rendered":"http:\/\/www.osadawidokowakoscielisko.pl\/?page_id=685"},"modified":"2025-09-26T13:23:15","modified_gmt":"2025-09-26T11:23:15","slug":"regulamin","status":"publish","type":"page","link":"http:\/\/www.osadawidokowakoscielisko.pl\/en\/regulamin\/","title":{"rendered":"Regulamin i Polityka"},"content":{"rendered":"<p>xxx<\/p>","protected":false},"excerpt":{"rendered":"<p>xxx<\/p>","protected":false},"author":3,"featured_media":0,"parent":0,"menu_order":0,"comment_status":"closed","ping_status":"closed","template":"","meta":{"footnotes":""},"yoast_head":"<!-- This site is optimized with the Yoast SEO plugin v21.4 - https:\/\/yoast.com\/wordpress\/plugins\/seo\/ -->\n<title>Regulamin Osada Widokowa Ko\u015bcielisko<\/title>\n<meta name=\"description\" content=\"Strona zawiera regulamin Osady Widokowej Ko\u015bcielisko. Zapoznaj si\u0119 z regulaminem obiektu Osada Widokowa Ko\u015bcielisko.\" \/>\n<meta name=\"robots\" content=\"index, follow, max-snippet:-1, max-image-preview:large, max-video-preview:-1\" \/>\n<link rel=\"canonical\" href=\"https:\/\/www.osadawidokowakoscielisko.pl\/en\/regulamin\/\" \/>\n<meta property=\"og:locale\" content=\"en_US\" \/>\n<meta property=\"og:type\" content=\"article\" \/>\n<meta property=\"og:title\" content=\"Regulamin Osada Widokowa Ko\u015bcielisko\" \/>\n<meta property=\"og:description\" content=\"Strona zawiera regulamin Osady Widokowej Ko\u015bcielisko. Zapoznaj si\u0119 z regulaminem obiektu Osada Widokowa Ko\u015bcielisko.\" \/>\n<meta property=\"og:url\" content=\"https:\/\/www.osadawidokowakoscielisko.pl\/en\/regulamin\/\" \/>\n<meta property=\"og:site_name\" content=\"Osada Widokowa Ko\u015bcielisko\" \/>\n<meta property=\"article:modified_time\" content=\"2025-09-26T11:23:15+00:00\" \/>\n<meta name=\"twitter:card\" content=\"summary_large_image\" \/>\n<meta name=\"twitter:label1\" content=\"Est. reading time\" \/>\n\t<meta name=\"twitter:data1\" content=\"1 minute\" \/>\n<script type=\"application\/ld+json\" class=\"yoast-schema-graph\">{\"@context\":\"https:\/\/schema.org\",\"@graph\":[{\"@type\":\"WebPage\",\"@id\":\"https:\/\/www.osadawidokowakoscielisko.pl\/en\/regulamin\/\",\"url\":\"https:\/\/www.osadawidokowakoscielisko.pl\/en\/regulamin\/\",\"name\":\"Regulamin Osada Widokowa Ko\u015bcielisko\",\"isPartOf\":{\"@id\":\"https:\/\/www.osadawidokowakoscielisko.pl\/#website\"},\"datePublished\":\"2023-10-16T10:26:58+00:00\",\"dateModified\":\"2025-09-26T11:23:15+00:00\",\"description\":\"Strona zawiera regulamin Osady Widokowej Ko\u015bcielisko. Zapoznaj si\u0119 z regulaminem obiektu Osada Widokowa Ko\u015bcielisko.\",\"breadcrumb\":{\"@id\":\"https:\/\/www.osadawidokowakoscielisko.pl\/en\/regulamin\/#breadcrumb\"},\"inLanguage\":\"en-US\",\"potentialAction\":[{\"@type\":\"ReadAction\",\"target\":[\"https:\/\/www.osadawidokowakoscielisko.pl\/en\/regulamin\/\"]}]},{\"@type\":\"BreadcrumbList\",\"@id\":\"https:\/\/www.osadawidokowakoscielisko.pl\/en\/regulamin\/#breadcrumb\",\"itemListElement\":[{\"@type\":\"ListItem\",\"position\":1,\"name\":\"Strona g\u0142\u00f3wna\",\"item\":\"https:\/\/www.osadawidokowakoscielisko.pl\/\"},{\"@type\":\"ListItem\",\"position\":2,\"name\":\"Regulamin i Polityka\"}]},{\"@type\":\"WebSite\",\"@id\":\"https:\/\/www.osadawidokowakoscielisko.pl\/#website\",\"url\":\"https:\/\/www.osadawidokowakoscielisko.pl\/\",\"name\":\"Osada Widokowa Ko\u015bcielisko\",\"description\":\"\",\"potentialAction\":[{\"@type\":\"SearchAction\",\"target\":{\"@type\":\"EntryPoint\",\"urlTemplate\":\"https:\/\/www.osadawidokowakoscielisko.pl\/?s={search_term_string}\"},\"query-input\":\"required name=search_term_string\"}],\"inLanguage\":\"en-US\"}]}<\/script>\n<!-- \/ Yoast SEO plugin. -->","yoast_head_json":{"title":"Regulamin Osada Widokowa Ko\u015bcielisko","description":"Strona zawiera regulamin Osady Widokowej Ko\u015bcielisko. Zapoznaj si\u0119 z regulaminem obiektu Osada Widokowa Ko\u015bcielisko.","robots":{"index":"index","follow":"follow","max-snippet":"max-snippet:-1","max-image-preview":"max-image-preview:large","max-video-preview":"max-video-preview:-1"},"canonical":"https:\/\/www.osadawidokowakoscielisko.pl\/en\/regulamin\/","og_locale":"en_US","og_type":"article","og_title":"Regulamin Osada Widokowa Ko\u015bcielisko","og_description":"Strona zawiera regulamin Osady Widokowej Ko\u015bcielisko. Zapoznaj si\u0119 z regulaminem obiektu Osada Widokowa Ko\u015bcielisko.","og_url":"https:\/\/www.osadawidokowakoscielisko.pl\/en\/regulamin\/","og_site_name":"Osada Widokowa Ko\u015bcielisko","article_modified_time":"2025-09-26T11:23:15+00:00","twitter_card":"summary_large_image","twitter_misc":{"Est. reading time":"1 minute"},"schema":{"@context":"https:\/\/schema.org","@graph":[{"@type":"WebPage","@id":"https:\/\/www.osadawidokowakoscielisko.pl\/en\/regulamin\/","url":"https:\/\/www.osadawidokowakoscielisko.pl\/en\/regulamin\/","name":"Regulamin Osada Widokowa Ko\u015bcielisko","isPartOf":{"@id":"https:\/\/www.osadawidokowakoscielisko.pl\/#website"},"datePublished":"2023-10-16T10:26:58+00:00","dateModified":"2025-09-26T11:23:15+00:00","description":"Strona zawiera regulamin Osady Widokowej Ko\u015bcielisko. Zapoznaj si\u0119 z regulaminem obiektu Osada Widokowa Ko\u015bcielisko.","breadcrumb":{"@id":"https:\/\/www.osadawidokowakoscielisko.pl\/en\/regulamin\/#breadcrumb"},"inLanguage":"en-US","potentialAction":[{"@type":"ReadAction","target":["https:\/\/www.osadawidokowakoscielisko.pl\/en\/regulamin\/"]}]},{"@type":"BreadcrumbList","@id":"https:\/\/www.osadawidokowakoscielisko.pl\/en\/regulamin\/#breadcrumb","itemListElement":[{"@type":"ListItem","position":1,"name":"Strona g\u0142\u00f3wna","item":"https:\/\/www.osadawidokowakoscielisko.pl\/"},{"@type":"ListItem","position":2,"name":"Regulamin i Polityka"}]},{"@type":"WebSite","@id":"https:\/\/www.osadawidokowakoscielisko.pl\/#website","url":"https:\/\/www.osadawidokowakoscielisko.pl\/","name":"Osada Widokowa Ko\u015bcielisko","description":"","potentialAction":[{"@type":"SearchAction","target":{"@type":"EntryPoint","urlTemplate":"https:\/\/www.osadawidokowakoscielisko.pl\/?s={search_term_string}"},"query-input":"required name=search_term_string"}],"inLanguage":"en-US"}]}},"_links":{"self":[{"href":"http:\/\/www.osadawidokowakoscielisko.pl\/en\/wp-json\/wp\/v2\/pages\/685"}],"collection":[{"href":"http:\/\/www.osadawidokowakoscielisko.pl\/en\/wp-json\/wp\/v2\/pages"}],"about":[{"href":"http:\/\/www.osadawidokowakoscielisko.pl\/en\/wp-json\/wp\/v2\/types\/page"}],"author":[{"embeddable":true,"href":"http:\/\/www.osadawidokowakoscielisko.pl\/en\/wp-json\/wp\/v2\/users\/3"}],"replies":[{"embeddable":true,"href":"http:\/\/www.osadawidokowakoscielisko.pl\/en\/wp-json\/wp\/v2\/comments?post=685"}],"version-history":[{"count":3,"href":"http:\/\/www.osadawidokowakoscielisko.pl\/en\/wp-json\/wp\/v2\/pages\/685\/revisions"}],"predecessor-version":[{"id":1559,"href":"http:\/\/www.osadawidokowakoscielisko.pl\/en\/wp-json\/wp\/v2\/pages\/685\/revisions\/1559"}],"wp:attachment":[{"href":"http:\/\/www.osadawidokowakoscielisko.pl\/en\/wp-json\/wp\/v2\/media?parent=685"}],"curies":[{"name":"wp","href":"https:\/\/api.w.org\/{rel}","templated":true}]}}