{"id":1211,"date":"2024-04-25T13:26:18","date_gmt":"2024-04-25T11:26:18","guid":{"rendered":"https:\/\/www.osadawidokowakoscielisko.pl\/?page_id=1211"},"modified":"2024-04-25T13:26:19","modified_gmt":"2024-04-25T11:26:19","slug":"5-apartament-ogrod","status":"publish","type":"page","link":"https:\/\/www.osadawidokowakoscielisko.pl\/en\/5-apartament-ogrod\/","title":{"rendered":"5-person apartment with a garden"},"content":{"rendered":"<p>x<\/p>","protected":false},"excerpt":{"rendered":"<p>x<\/p>","protected":false},"author":3,"featured_media":0,"parent":0,"menu_order":0,"comment_status":"closed","ping_status":"closed","template":"","meta":{"footnotes":""},"yoast_head":"<!-- This site is optimized with the Yoast SEO plugin v21.4 - https:\/\/yoast.com\/wordpress\/plugins\/seo\/ -->\n<title>Apartament 5 osobowy z ogr\u00f3dkiem - Osada Widokowa Ko\u015bcielisko<\/title>\n<meta name=\"description\" content=\"Zobacz dost\u0119pne apartamenty, wybieraj spo\u015br\u00f3d apartament\u00f3w 4 os. z ogr\u00f3dkiem, 5 os. z balkonem lub 6 os. z antresol\u0105. Dowiedz si\u0119 wi\u0119cej...\" \/>\n<meta name=\"robots\" content=\"index, follow, max-snippet:-1, max-image-preview:large, max-video-preview:-1\" \/>\n<link rel=\"canonical\" href=\"https:\/\/www.osadawidokowakoscielisko.pl\/en\/5-apartament-ogrod\/\" \/>\n<meta property=\"og:locale\" content=\"en_US\" \/>\n<meta property=\"og:type\" content=\"article\" \/>\n<meta property=\"og:title\" content=\"Apartament 5 osobowy z ogr\u00f3dkiem - Osada Widokowa Ko\u015bcielisko\" \/>\n<meta property=\"og:description\" content=\"Zobacz dost\u0119pne apartamenty, wybieraj spo\u015br\u00f3d apartament\u00f3w 4 os. z ogr\u00f3dkiem, 5 os. z balkonem lub 6 os. z antresol\u0105. Dowiedz si\u0119 wi\u0119cej...\" \/>\n<meta property=\"og:url\" content=\"https:\/\/www.osadawidokowakoscielisko.pl\/en\/5-apartament-ogrod\/\" \/>\n<meta property=\"og:site_name\" content=\"Osada Widokowa Ko\u015bcielisko\" \/>\n<meta property=\"article:modified_time\" content=\"2024-04-25T11:26:19+00:00\" \/>\n<meta name=\"twitter:card\" content=\"summary_large_image\" \/>\n<meta name=\"twitter:label1\" content=\"Est. reading time\" \/>\n\t<meta name=\"twitter:data1\" content=\"1 minute\" \/>\n<script type=\"application\/ld+json\" class=\"yoast-schema-graph\">{\"@context\":\"https:\/\/schema.org\",\"@graph\":[{\"@type\":\"WebPage\",\"@id\":\"https:\/\/www.osadawidokowakoscielisko.pl\/en\/5-apartament-ogrod\/\",\"url\":\"https:\/\/www.osadawidokowakoscielisko.pl\/en\/5-apartament-ogrod\/\",\"name\":\"Apartament 5 osobowy z ogr\u00f3dkiem - Osada Widokowa Ko\u015bcielisko\",\"isPartOf\":{\"@id\":\"https:\/\/www.osadawidokowakoscielisko.pl\/en\/#website\"},\"datePublished\":\"2024-04-25T11:26:18+00:00\",\"dateModified\":\"2024-04-25T11:26:19+00:00\",\"description\":\"Zobacz dost\u0119pne apartamenty, wybieraj spo\u015br\u00f3d apartament\u00f3w 4 os. z ogr\u00f3dkiem, 5 os. z balkonem lub 6 os. z antresol\u0105. Dowiedz si\u0119 wi\u0119cej...\",\"breadcrumb\":{\"@id\":\"https:\/\/www.osadawidokowakoscielisko.pl\/en\/5-apartament-ogrod\/#breadcrumb\"},\"inLanguage\":\"en-US\",\"potentialAction\":[{\"@type\":\"ReadAction\",\"target\":[\"https:\/\/www.osadawidokowakoscielisko.pl\/en\/5-apartament-ogrod\/\"]}]},{\"@type\":\"BreadcrumbList\",\"@id\":\"https:\/\/www.osadawidokowakoscielisko.pl\/en\/5-apartament-ogrod\/#breadcrumb\",\"itemListElement\":[{\"@type\":\"ListItem\",\"position\":1,\"name\":\"Strona g\u0142\u00f3wna\",\"item\":\"https:\/\/www.osadawidokowakoscielisko.pl\/en\/\"},{\"@type\":\"ListItem\",\"position\":2,\"name\":\"Apartament 5 osobowy z ogr\u00f3dkiem\"}]},{\"@type\":\"WebSite\",\"@id\":\"https:\/\/www.osadawidokowakoscielisko.pl\/en\/#website\",\"url\":\"https:\/\/www.osadawidokowakoscielisko.pl\/en\/\",\"name\":\"Osada Widokowa Ko\u015bcielisko\",\"description\":\"\",\"potentialAction\":[{\"@type\":\"SearchAction\",\"target\":{\"@type\":\"EntryPoint\",\"urlTemplate\":\"https:\/\/www.osadawidokowakoscielisko.pl\/en\/?s={search_term_string}\"},\"query-input\":\"required name=search_term_string\"}],\"inLanguage\":\"en-US\"}]}<\/script>\n<!-- \/ Yoast SEO plugin. -->","yoast_head_json":{"title":"Apartament 5 osobowy z ogr\u00f3dkiem - Osada Widokowa Ko\u015bcielisko","description":"Zobacz dost\u0119pne apartamenty, wybieraj spo\u015br\u00f3d apartament\u00f3w 4 os. z ogr\u00f3dkiem, 5 os. z balkonem lub 6 os. z antresol\u0105. Dowiedz si\u0119 wi\u0119cej...","robots":{"index":"index","follow":"follow","max-snippet":"max-snippet:-1","max-image-preview":"max-image-preview:large","max-video-preview":"max-video-preview:-1"},"canonical":"https:\/\/www.osadawidokowakoscielisko.pl\/en\/5-apartament-ogrod\/","og_locale":"en_US","og_type":"article","og_title":"Apartament 5 osobowy z ogr\u00f3dkiem - Osada Widokowa Ko\u015bcielisko","og_description":"Zobacz dost\u0119pne apartamenty, wybieraj spo\u015br\u00f3d apartament\u00f3w 4 os. z ogr\u00f3dkiem, 5 os. z balkonem lub 6 os. z antresol\u0105. Dowiedz si\u0119 wi\u0119cej...","og_url":"https:\/\/www.osadawidokowakoscielisko.pl\/en\/5-apartament-ogrod\/","og_site_name":"Osada Widokowa Ko\u015bcielisko","article_modified_time":"2024-04-25T11:26:19+00:00","twitter_card":"summary_large_image","twitter_misc":{"Est. reading time":"1 minute"},"schema":{"@context":"https:\/\/schema.org","@graph":[{"@type":"WebPage","@id":"https:\/\/www.osadawidokowakoscielisko.pl\/en\/5-apartament-ogrod\/","url":"https:\/\/www.osadawidokowakoscielisko.pl\/en\/5-apartament-ogrod\/","name":"Apartament 5 osobowy z ogr\u00f3dkiem - Osada Widokowa Ko\u015bcielisko","isPartOf":{"@id":"https:\/\/www.osadawidokowakoscielisko.pl\/en\/#website"},"datePublished":"2024-04-25T11:26:18+00:00","dateModified":"2024-04-25T11:26:19+00:00","description":"Zobacz dost\u0119pne apartamenty, wybieraj spo\u015br\u00f3d apartament\u00f3w 4 os. z ogr\u00f3dkiem, 5 os. z balkonem lub 6 os. z antresol\u0105. Dowiedz si\u0119 wi\u0119cej...","breadcrumb":{"@id":"https:\/\/www.osadawidokowakoscielisko.pl\/en\/5-apartament-ogrod\/#breadcrumb"},"inLanguage":"en-US","potentialAction":[{"@type":"ReadAction","target":["https:\/\/www.osadawidokowakoscielisko.pl\/en\/5-apartament-ogrod\/"]}]},{"@type":"BreadcrumbList","@id":"https:\/\/www.osadawidokowakoscielisko.pl\/en\/5-apartament-ogrod\/#breadcrumb","itemListElement":[{"@type":"ListItem","position":1,"name":"Strona g\u0142\u00f3wna","item":"https:\/\/www.osadawidokowakoscielisko.pl\/en\/"},{"@type":"ListItem","position":2,"name":"Apartament 5 osobowy z ogr\u00f3dkiem"}]},{"@type":"WebSite","@id":"https:\/\/www.osadawidokowakoscielisko.pl\/en\/#website","url":"https:\/\/www.osadawidokowakoscielisko.pl\/en\/","name":"Osada Widokowa Ko\u015bcielisko","description":"","potentialAction":[{"@type":"SearchAction","target":{"@type":"EntryPoint","urlTemplate":"https:\/\/www.osadawidokowakoscielisko.pl\/en\/?s={search_term_string}"},"query-input":"required name=search_term_string"}],"inLanguage":"en-US"}]}},"_links":{"self":[{"href":"https:\/\/www.osadawidokowakoscielisko.pl\/en\/wp-json\/wp\/v2\/pages\/1211"}],"collection":[{"href":"https:\/\/www.osadawidokowakoscielisko.pl\/en\/wp-json\/wp\/v2\/pages"}],"about":[{"href":"https:\/\/www.osadawidokowakoscielisko.pl\/en\/wp-json\/wp\/v2\/types\/page"}],"author":[{"embeddable":true,"href":"https:\/\/www.osadawidokowakoscielisko.pl\/en\/wp-json\/wp\/v2\/users\/3"}],"replies":[{"embeddable":true,"href":"https:\/\/www.osadawidokowakoscielisko.pl\/en\/wp-json\/wp\/v2\/comments?post=1211"}],"version-history":[{"count":4,"href":"https:\/\/www.osadawidokowakoscielisko.pl\/en\/wp-json\/wp\/v2\/pages\/1211\/revisions"}],"predecessor-version":[{"id":1226,"href":"https:\/\/www.osadawidokowakoscielisko.pl\/en\/wp-json\/wp\/v2\/pages\/1211\/revisions\/1226"}],"wp:attachment":[{"href":"https:\/\/www.osadawidokowakoscielisko.pl\/en\/wp-json\/wp\/v2\/media?parent=1211"}],"curies":[{"name":"wp","href":"https:\/\/api.w.org\/{rel}","templated":true}]}}