{"id":1262,"date":"2024-06-03T13:40:55","date_gmt":"2024-06-03T11:40:55","guid":{"rendered":"https:\/\/www.osadawidokowakoscielisko.pl\/?page_id=1262"},"modified":"2024-10-02T08:52:51","modified_gmt":"2024-10-02T06:52:51","slug":"wycieczki","status":"publish","type":"page","link":"https:\/\/www.osadawidokowakoscielisko.pl\/en\/wycieczki\/","title":{"rendered":"Wycieczki"},"content":{"rendered":"<p>x<\/p>","protected":false},"excerpt":{"rendered":"<p>x<\/p>","protected":false},"author":3,"featured_media":0,"parent":0,"menu_order":0,"comment_status":"closed","ping_status":"closed","template":"","meta":{"footnotes":""},"yoast_head":"<!-- This site is optimized with the Yoast SEO plugin v21.4 - https:\/\/yoast.com\/wordpress\/plugins\/seo\/ -->\n<title>Oferty - Osada Widokowa Ko\u015bcielisko - Pakiety pobyt\u00f3w i Promocje<\/title>\n<meta name=\"description\" content=\"Zobacz dost\u0119pne pakiety pobyt\u00f3w, promocje i oferty specjalne. Rezerwuj\u0105c na naszej stronie masz gwarancje najlepszej ceny i obs\u0142ugi klienta.\" \/>\n<meta name=\"robots\" content=\"index, follow, max-snippet:-1, max-image-preview:large, max-video-preview:-1\" \/>\n<link rel=\"canonical\" href=\"https:\/\/www.osadawidokowakoscielisko.pl\/en\/wycieczki\/\" \/>\n<meta property=\"og:locale\" content=\"en_US\" \/>\n<meta property=\"og:type\" content=\"article\" \/>\n<meta property=\"og:title\" content=\"Oferty - Osada Widokowa Ko\u015bcielisko - Pakiety pobyt\u00f3w i Promocje\" \/>\n<meta property=\"og:description\" content=\"Zobacz dost\u0119pne pakiety pobyt\u00f3w, promocje i oferty specjalne. Rezerwuj\u0105c na naszej stronie masz gwarancje najlepszej ceny i obs\u0142ugi klienta.\" \/>\n<meta property=\"og:url\" content=\"https:\/\/www.osadawidokowakoscielisko.pl\/en\/wycieczki\/\" \/>\n<meta property=\"og:site_name\" content=\"Osada Widokowa Ko\u015bcielisko\" \/>\n<meta property=\"article:modified_time\" content=\"2024-10-02T06:52:51+00:00\" \/>\n<meta name=\"twitter:card\" content=\"summary_large_image\" \/>\n<meta name=\"twitter:label1\" content=\"Est. reading time\" \/>\n\t<meta name=\"twitter:data1\" content=\"1 minute\" \/>\n<script type=\"application\/ld+json\" class=\"yoast-schema-graph\">{\"@context\":\"https:\/\/schema.org\",\"@graph\":[{\"@type\":\"WebPage\",\"@id\":\"https:\/\/www.osadawidokowakoscielisko.pl\/wycieczki\/\",\"url\":\"https:\/\/www.osadawidokowakoscielisko.pl\/wycieczki\/\",\"name\":\"Oferty - Osada Widokowa Ko\u015bcielisko - Pakiety pobyt\u00f3w i Promocje\",\"isPartOf\":{\"@id\":\"https:\/\/www.osadawidokowakoscielisko.pl\/en\/#website\"},\"datePublished\":\"2024-06-03T11:40:55+00:00\",\"dateModified\":\"2024-10-02T06:52:51+00:00\",\"description\":\"Zobacz dost\u0119pne pakiety pobyt\u00f3w, promocje i oferty specjalne. Rezerwuj\u0105c na naszej stronie masz gwarancje najlepszej ceny i obs\u0142ugi klienta.\",\"breadcrumb\":{\"@id\":\"https:\/\/www.osadawidokowakoscielisko.pl\/wycieczki\/#breadcrumb\"},\"inLanguage\":\"en-US\",\"potentialAction\":[{\"@type\":\"ReadAction\",\"target\":[\"https:\/\/www.osadawidokowakoscielisko.pl\/wycieczki\/\"]}]},{\"@type\":\"BreadcrumbList\",\"@id\":\"https:\/\/www.osadawidokowakoscielisko.pl\/wycieczki\/#breadcrumb\",\"itemListElement\":[{\"@type\":\"ListItem\",\"position\":1,\"name\":\"Strona g\u0142\u00f3wna\",\"item\":\"https:\/\/www.osadawidokowakoscielisko.pl\/en\/\"},{\"@type\":\"ListItem\",\"position\":2,\"name\":\"Wycieczki\"}]},{\"@type\":\"WebSite\",\"@id\":\"https:\/\/www.osadawidokowakoscielisko.pl\/en\/#website\",\"url\":\"https:\/\/www.osadawidokowakoscielisko.pl\/en\/\",\"name\":\"Osada Widokowa Ko\u015bcielisko\",\"description\":\"\",\"potentialAction\":[{\"@type\":\"SearchAction\",\"target\":{\"@type\":\"EntryPoint\",\"urlTemplate\":\"https:\/\/www.osadawidokowakoscielisko.pl\/en\/?s={search_term_string}\"},\"query-input\":\"required name=search_term_string\"}],\"inLanguage\":\"en-US\"}]}<\/script>\n<!-- \/ Yoast SEO plugin. -->","yoast_head_json":{"title":"Oferty - Osada Widokowa Ko\u015bcielisko - Pakiety pobyt\u00f3w i Promocje","description":"Zobacz dost\u0119pne pakiety pobyt\u00f3w, promocje i oferty specjalne. Rezerwuj\u0105c na naszej stronie masz gwarancje najlepszej ceny i obs\u0142ugi klienta.","robots":{"index":"index","follow":"follow","max-snippet":"max-snippet:-1","max-image-preview":"max-image-preview:large","max-video-preview":"max-video-preview:-1"},"canonical":"https:\/\/www.osadawidokowakoscielisko.pl\/en\/wycieczki\/","og_locale":"en_US","og_type":"article","og_title":"Oferty - Osada Widokowa Ko\u015bcielisko - Pakiety pobyt\u00f3w i Promocje","og_description":"Zobacz dost\u0119pne pakiety pobyt\u00f3w, promocje i oferty specjalne. Rezerwuj\u0105c na naszej stronie masz gwarancje najlepszej ceny i obs\u0142ugi klienta.","og_url":"https:\/\/www.osadawidokowakoscielisko.pl\/en\/wycieczki\/","og_site_name":"Osada Widokowa Ko\u015bcielisko","article_modified_time":"2024-10-02T06:52:51+00:00","twitter_card":"summary_large_image","twitter_misc":{"Est. reading time":"1 minute"},"schema":{"@context":"https:\/\/schema.org","@graph":[{"@type":"WebPage","@id":"https:\/\/www.osadawidokowakoscielisko.pl\/wycieczki\/","url":"https:\/\/www.osadawidokowakoscielisko.pl\/wycieczki\/","name":"Oferty - Osada Widokowa Ko\u015bcielisko - Pakiety pobyt\u00f3w i Promocje","isPartOf":{"@id":"https:\/\/www.osadawidokowakoscielisko.pl\/en\/#website"},"datePublished":"2024-06-03T11:40:55+00:00","dateModified":"2024-10-02T06:52:51+00:00","description":"Zobacz dost\u0119pne pakiety pobyt\u00f3w, promocje i oferty specjalne. Rezerwuj\u0105c na naszej stronie masz gwarancje najlepszej ceny i obs\u0142ugi klienta.","breadcrumb":{"@id":"https:\/\/www.osadawidokowakoscielisko.pl\/wycieczki\/#breadcrumb"},"inLanguage":"en-US","potentialAction":[{"@type":"ReadAction","target":["https:\/\/www.osadawidokowakoscielisko.pl\/wycieczki\/"]}]},{"@type":"BreadcrumbList","@id":"https:\/\/www.osadawidokowakoscielisko.pl\/wycieczki\/#breadcrumb","itemListElement":[{"@type":"ListItem","position":1,"name":"Strona g\u0142\u00f3wna","item":"https:\/\/www.osadawidokowakoscielisko.pl\/en\/"},{"@type":"ListItem","position":2,"name":"Wycieczki"}]},{"@type":"WebSite","@id":"https:\/\/www.osadawidokowakoscielisko.pl\/en\/#website","url":"https:\/\/www.osadawidokowakoscielisko.pl\/en\/","name":"Osada Widokowa Ko\u015bcielisko","description":"","potentialAction":[{"@type":"SearchAction","target":{"@type":"EntryPoint","urlTemplate":"https:\/\/www.osadawidokowakoscielisko.pl\/en\/?s={search_term_string}"},"query-input":"required name=search_term_string"}],"inLanguage":"en-US"}]}},"_links":{"self":[{"href":"https:\/\/www.osadawidokowakoscielisko.pl\/en\/wp-json\/wp\/v2\/pages\/1262"}],"collection":[{"href":"https:\/\/www.osadawidokowakoscielisko.pl\/en\/wp-json\/wp\/v2\/pages"}],"about":[{"href":"https:\/\/www.osadawidokowakoscielisko.pl\/en\/wp-json\/wp\/v2\/types\/page"}],"author":[{"embeddable":true,"href":"https:\/\/www.osadawidokowakoscielisko.pl\/en\/wp-json\/wp\/v2\/users\/3"}],"replies":[{"embeddable":true,"href":"https:\/\/www.osadawidokowakoscielisko.pl\/en\/wp-json\/wp\/v2\/comments?post=1262"}],"version-history":[{"count":3,"href":"https:\/\/www.osadawidokowakoscielisko.pl\/en\/wp-json\/wp\/v2\/pages\/1262\/revisions"}],"predecessor-version":[{"id":1335,"href":"https:\/\/www.osadawidokowakoscielisko.pl\/en\/wp-json\/wp\/v2\/pages\/1262\/revisions\/1335"}],"wp:attachment":[{"href":"https:\/\/www.osadawidokowakoscielisko.pl\/en\/wp-json\/wp\/v2\/media?parent=1262"}],"curies":[{"name":"wp","href":"https:\/\/api.w.org\/{rel}","templated":true}]}}