{"id":1531,"date":"2025-03-26T10:51:00","date_gmt":"2025-03-26T09:51:00","guid":{"rendered":"https:\/\/www.osadawidokowakoscielisko.pl\/?page_id=1531"},"modified":"2025-03-26T10:51:01","modified_gmt":"2025-03-26T09:51:01","slug":"strefa-wellness-and-spa","status":"publish","type":"page","link":"https:\/\/www.osadawidokowakoscielisko.pl\/en\/strefa-wellness-and-spa\/","title":{"rendered":"Strefa Wellness and SPA"},"content":{"rendered":"<p>x<\/p>","protected":false},"excerpt":{"rendered":"<p>x<\/p>","protected":false},"author":3,"featured_media":1529,"parent":0,"menu_order":0,"comment_status":"closed","ping_status":"closed","template":"","meta":{"footnotes":""},"yoast_head":"<!-- This site is optimized with the Yoast SEO plugin v21.4 - https:\/\/yoast.com\/wordpress\/plugins\/seo\/ -->\n<title>Strefa Wellness w Osadzie Widokowej Ko\u015bcielisko<\/title>\n<meta name=\"description\" content=\"Zobacz jak wygl\u0105da strefa wellness w Osadzie Widokowej Ko\u015bcielisko i korzystaj z niej kiedy chcesz b\u0119d\u0105c naszym go\u015bciem. Zapraszamy!\" \/>\n<meta name=\"robots\" content=\"index, follow, max-snippet:-1, max-image-preview:large, max-video-preview:-1\" \/>\n<link rel=\"canonical\" href=\"https:\/\/www.osadawidokowakoscielisko.pl\/en\/strefa-wellness-and-spa\/\" \/>\n<meta property=\"og:locale\" content=\"en_US\" \/>\n<meta property=\"og:type\" content=\"article\" \/>\n<meta property=\"og:title\" content=\"Strefa Wellness w Osadzie Widokowej Ko\u015bcielisko\" \/>\n<meta property=\"og:description\" content=\"Zobacz jak wygl\u0105da strefa wellness w Osadzie Widokowej Ko\u015bcielisko i korzystaj z niej kiedy chcesz b\u0119d\u0105c naszym go\u015bciem. Zapraszamy!\" \/>\n<meta property=\"og:url\" content=\"https:\/\/www.osadawidokowakoscielisko.pl\/en\/strefa-wellness-and-spa\/\" \/>\n<meta property=\"og:site_name\" content=\"Osada Widokowa Ko\u015bcielisko\" \/>\n<meta property=\"article:modified_time\" content=\"2025-03-26T09:51:01+00:00\" \/>\n<meta property=\"og:image\" content=\"https:\/\/www.osadawidokowakoscielisko.pl\/wp-content\/uploads\/2025\/03\/DSCF1862_3_4.jpg\" \/>\n\t<meta property=\"og:image:width\" content=\"1920\" \/>\n\t<meta property=\"og:image:height\" content=\"1280\" \/>\n\t<meta property=\"og:image:type\" content=\"image\/jpeg\" \/>\n<meta name=\"twitter:card\" content=\"summary_large_image\" \/>\n<meta name=\"twitter:label1\" content=\"Est. reading time\" \/>\n\t<meta name=\"twitter:data1\" content=\"1 minute\" \/>\n<script type=\"application\/ld+json\" class=\"yoast-schema-graph\">{\"@context\":\"https:\/\/schema.org\",\"@graph\":[{\"@type\":\"WebPage\",\"@id\":\"https:\/\/www.osadawidokowakoscielisko.pl\/strefa-wellness-and-spa\/\",\"url\":\"https:\/\/www.osadawidokowakoscielisko.pl\/strefa-wellness-and-spa\/\",\"name\":\"Strefa Wellness w Osadzie Widokowej Ko\u015bcielisko\",\"isPartOf\":{\"@id\":\"https:\/\/www.osadawidokowakoscielisko.pl\/en\/#website\"},\"datePublished\":\"2025-03-26T09:51:00+00:00\",\"dateModified\":\"2025-03-26T09:51:01+00:00\",\"description\":\"Zobacz jak wygl\u0105da strefa wellness w Osadzie Widokowej Ko\u015bcielisko i korzystaj z niej kiedy chcesz b\u0119d\u0105c naszym go\u015bciem. Zapraszamy!\",\"breadcrumb\":{\"@id\":\"https:\/\/www.osadawidokowakoscielisko.pl\/strefa-wellness-and-spa\/#breadcrumb\"},\"inLanguage\":\"en-US\",\"potentialAction\":[{\"@type\":\"ReadAction\",\"target\":[\"https:\/\/www.osadawidokowakoscielisko.pl\/strefa-wellness-and-spa\/\"]}]},{\"@type\":\"BreadcrumbList\",\"@id\":\"https:\/\/www.osadawidokowakoscielisko.pl\/strefa-wellness-and-spa\/#breadcrumb\",\"itemListElement\":[{\"@type\":\"ListItem\",\"position\":1,\"name\":\"Strona g\u0142\u00f3wna\",\"item\":\"https:\/\/www.osadawidokowakoscielisko.pl\/en\/\"},{\"@type\":\"ListItem\",\"position\":2,\"name\":\"Strefa Wellness and SPA\"}]},{\"@type\":\"WebSite\",\"@id\":\"https:\/\/www.osadawidokowakoscielisko.pl\/en\/#website\",\"url\":\"https:\/\/www.osadawidokowakoscielisko.pl\/en\/\",\"name\":\"Osada Widokowa Ko\u015bcielisko\",\"description\":\"\",\"potentialAction\":[{\"@type\":\"SearchAction\",\"target\":{\"@type\":\"EntryPoint\",\"urlTemplate\":\"https:\/\/www.osadawidokowakoscielisko.pl\/en\/?s={search_term_string}\"},\"query-input\":\"required name=search_term_string\"}],\"inLanguage\":\"en-US\"}]}<\/script>\n<!-- \/ Yoast SEO plugin. -->","yoast_head_json":{"title":"Strefa Wellness w Osadzie Widokowej Ko\u015bcielisko","description":"Zobacz jak wygl\u0105da strefa wellness w Osadzie Widokowej Ko\u015bcielisko i korzystaj z niej kiedy chcesz b\u0119d\u0105c naszym go\u015bciem. Zapraszamy!","robots":{"index":"index","follow":"follow","max-snippet":"max-snippet:-1","max-image-preview":"max-image-preview:large","max-video-preview":"max-video-preview:-1"},"canonical":"https:\/\/www.osadawidokowakoscielisko.pl\/en\/strefa-wellness-and-spa\/","og_locale":"en_US","og_type":"article","og_title":"Strefa Wellness w Osadzie Widokowej Ko\u015bcielisko","og_description":"Zobacz jak wygl\u0105da strefa wellness w Osadzie Widokowej Ko\u015bcielisko i korzystaj z niej kiedy chcesz b\u0119d\u0105c naszym go\u015bciem. Zapraszamy!","og_url":"https:\/\/www.osadawidokowakoscielisko.pl\/en\/strefa-wellness-and-spa\/","og_site_name":"Osada Widokowa Ko\u015bcielisko","article_modified_time":"2025-03-26T09:51:01+00:00","og_image":[{"width":1920,"height":1280,"url":"https:\/\/www.osadawidokowakoscielisko.pl\/wp-content\/uploads\/2025\/03\/DSCF1862_3_4.jpg","type":"image\/jpeg"}],"twitter_card":"summary_large_image","twitter_misc":{"Est. reading time":"1 minute"},"schema":{"@context":"https:\/\/schema.org","@graph":[{"@type":"WebPage","@id":"https:\/\/www.osadawidokowakoscielisko.pl\/strefa-wellness-and-spa\/","url":"https:\/\/www.osadawidokowakoscielisko.pl\/strefa-wellness-and-spa\/","name":"Strefa Wellness w Osadzie Widokowej Ko\u015bcielisko","isPartOf":{"@id":"https:\/\/www.osadawidokowakoscielisko.pl\/en\/#website"},"datePublished":"2025-03-26T09:51:00+00:00","dateModified":"2025-03-26T09:51:01+00:00","description":"Zobacz jak wygl\u0105da strefa wellness w Osadzie Widokowej Ko\u015bcielisko i korzystaj z niej kiedy chcesz b\u0119d\u0105c naszym go\u015bciem. Zapraszamy!","breadcrumb":{"@id":"https:\/\/www.osadawidokowakoscielisko.pl\/strefa-wellness-and-spa\/#breadcrumb"},"inLanguage":"en-US","potentialAction":[{"@type":"ReadAction","target":["https:\/\/www.osadawidokowakoscielisko.pl\/strefa-wellness-and-spa\/"]}]},{"@type":"BreadcrumbList","@id":"https:\/\/www.osadawidokowakoscielisko.pl\/strefa-wellness-and-spa\/#breadcrumb","itemListElement":[{"@type":"ListItem","position":1,"name":"Strona g\u0142\u00f3wna","item":"https:\/\/www.osadawidokowakoscielisko.pl\/en\/"},{"@type":"ListItem","position":2,"name":"Strefa Wellness and SPA"}]},{"@type":"WebSite","@id":"https:\/\/www.osadawidokowakoscielisko.pl\/en\/#website","url":"https:\/\/www.osadawidokowakoscielisko.pl\/en\/","name":"Osada Widokowa Ko\u015bcielisko","description":"","potentialAction":[{"@type":"SearchAction","target":{"@type":"EntryPoint","urlTemplate":"https:\/\/www.osadawidokowakoscielisko.pl\/en\/?s={search_term_string}"},"query-input":"required name=search_term_string"}],"inLanguage":"en-US"}]}},"_links":{"self":[{"href":"https:\/\/www.osadawidokowakoscielisko.pl\/en\/wp-json\/wp\/v2\/pages\/1531"}],"collection":[{"href":"https:\/\/www.osadawidokowakoscielisko.pl\/en\/wp-json\/wp\/v2\/pages"}],"about":[{"href":"https:\/\/www.osadawidokowakoscielisko.pl\/en\/wp-json\/wp\/v2\/types\/page"}],"author":[{"embeddable":true,"href":"https:\/\/www.osadawidokowakoscielisko.pl\/en\/wp-json\/wp\/v2\/users\/3"}],"replies":[{"embeddable":true,"href":"https:\/\/www.osadawidokowakoscielisko.pl\/en\/wp-json\/wp\/v2\/comments?post=1531"}],"version-history":[{"count":2,"href":"https:\/\/www.osadawidokowakoscielisko.pl\/en\/wp-json\/wp\/v2\/pages\/1531\/revisions"}],"predecessor-version":[{"id":1538,"href":"https:\/\/www.osadawidokowakoscielisko.pl\/en\/wp-json\/wp\/v2\/pages\/1531\/revisions\/1538"}],"wp:featuredmedia":[{"embeddable":true,"href":"https:\/\/www.osadawidokowakoscielisko.pl\/en\/wp-json\/wp\/v2\/media\/1529"}],"wp:attachment":[{"href":"https:\/\/www.osadawidokowakoscielisko.pl\/en\/wp-json\/wp\/v2\/media?parent=1531"}],"curies":[{"name":"wp","href":"https:\/\/api.w.org\/{rel}","templated":true}]}}