{"id":668,"date":"2023-10-16T09:20:37","date_gmt":"2023-10-16T07:20:37","guid":{"rendered":"http:\/\/www.osadawidokowakoscielisko.pl\/?page_id=668"},"modified":"2024-10-02T08:27:09","modified_gmt":"2024-10-02T06:27:09","slug":"sniadania","status":"publish","type":"page","link":"https:\/\/www.osadawidokowakoscielisko.pl\/en\/sniadania\/","title":{"rendered":"Breakfasts"},"content":{"rendered":"<p><\/p>\n\n\n\n<div class=\"wp-block-query is-layout-flow wp-block-query-is-layout-flow\"><ul class=\"wp-block-post-template is-layout-flow wp-block-post-template-is-layout-flow\"><li class=\"wp-block-post post-1 post type-post status-publish format-standard hentry category-bez-kategorii\">\n<h2 class=\"wp-block-post-title\"><a href=\"https:\/\/www.osadawidokowakoscielisko.pl\/en\/2020\/06\/08\/witaj-swiecie\/\" target=\"_self\" >Witaj, \u015bwiecie!<\/a><\/h2>\n\n\n\n<div class=\"wp-block-post-excerpt\"><p class=\"wp-block-post-excerpt__excerpt\">Witamy w WordPressie. To jest tw\u00f3j pierwszy post. Edytuj go lub usu\u0144, a nast\u0119pnie zacznij pisa\u0107! <\/p><\/div>\n\n\n<hr class=\"wp-block-separator has-css-opacity\"\/>\n\n\n<div class=\"wp-block-post-date\"><time datetime=\"2020-06-08T21:31:03+02:00\">8 June 2020<\/time><\/div>\n\n\n<figure class=\"wp-block-gallery has-nested-images columns-default is-cropped wp-block-gallery-1 is-layout-flex wp-block-gallery-is-layout-flex\"><\/figure>\n\n<\/li><\/ul><\/div>","protected":false},"excerpt":{"rendered":"","protected":false},"author":3,"featured_media":0,"parent":0,"menu_order":0,"comment_status":"closed","ping_status":"closed","template":"","meta":{"footnotes":""},"yoast_head":"<!-- This site is optimized with the Yoast SEO plugin v21.4 - https:\/\/yoast.com\/wordpress\/plugins\/seo\/ -->\n<title>Oferta \u015bniada\u0144 dla go\u015bci Osady Widokowej w Ko\u015bcielisku<\/title>\n<meta name=\"description\" content=\"Zobacz nasz\u0105 ofert\u0119 \u015bniada\u0144 dostarczanych wprost pod drzwi Twojego apartamentu, Wybierz wersje z ciep\u0142ym posi\u0142kiem, wersje na s\u0142odko, wega\u0144sk\u0105 lub wegetaria\u0144sk\u0105. Odwied\u017a stron\u0119 i dowiedz si\u0119 wi\u0119cej.\" \/>\n<meta name=\"robots\" content=\"index, follow, max-snippet:-1, max-image-preview:large, max-video-preview:-1\" \/>\n<link rel=\"canonical\" href=\"https:\/\/www.osadawidokowakoscielisko.pl\/en\/sniadania\/\" \/>\n<meta property=\"og:locale\" content=\"en_US\" \/>\n<meta property=\"og:type\" content=\"article\" \/>\n<meta property=\"og:title\" content=\"Oferta \u015bniada\u0144 dla go\u015bci Osady Widokowej w Ko\u015bcielisku\" \/>\n<meta property=\"og:description\" content=\"Zobacz nasz\u0105 ofert\u0119 \u015bniada\u0144 dostarczanych wprost pod drzwi Twojego apartamentu, Wybierz wersje z ciep\u0142ym posi\u0142kiem, wersje na s\u0142odko, wega\u0144sk\u0105 lub wegetaria\u0144sk\u0105. Odwied\u017a stron\u0119 i dowiedz si\u0119 wi\u0119cej.\" \/>\n<meta property=\"og:url\" content=\"https:\/\/www.osadawidokowakoscielisko.pl\/en\/sniadania\/\" \/>\n<meta property=\"og:site_name\" content=\"Osada Widokowa Ko\u015bcielisko\" \/>\n<meta property=\"article:modified_time\" content=\"2024-10-02T06:27:09+00:00\" \/>\n<meta name=\"twitter:card\" content=\"summary_large_image\" \/>\n<script type=\"application\/ld+json\" class=\"yoast-schema-graph\">{\"@context\":\"https:\/\/schema.org\",\"@graph\":[{\"@type\":\"WebPage\",\"@id\":\"https:\/\/www.osadawidokowakoscielisko.pl\/sniadania\/\",\"url\":\"https:\/\/www.osadawidokowakoscielisko.pl\/sniadania\/\",\"name\":\"Oferta \u015bniada\u0144 dla go\u015bci Osady Widokowej w Ko\u015bcielisku\",\"isPartOf\":{\"@id\":\"https:\/\/www.osadawidokowakoscielisko.pl\/en\/#website\"},\"datePublished\":\"2023-10-16T07:20:37+00:00\",\"dateModified\":\"2024-10-02T06:27:09+00:00\",\"description\":\"Zobacz nasz\u0105 ofert\u0119 \u015bniada\u0144 dostarczanych wprost pod drzwi Twojego apartamentu, Wybierz wersje z ciep\u0142ym posi\u0142kiem, wersje na s\u0142odko, wega\u0144sk\u0105 lub wegetaria\u0144sk\u0105. Odwied\u017a stron\u0119 i dowiedz si\u0119 wi\u0119cej.\",\"breadcrumb\":{\"@id\":\"https:\/\/www.osadawidokowakoscielisko.pl\/sniadania\/#breadcrumb\"},\"inLanguage\":\"en-US\",\"potentialAction\":[{\"@type\":\"ReadAction\",\"target\":[\"https:\/\/www.osadawidokowakoscielisko.pl\/sniadania\/\"]}]},{\"@type\":\"BreadcrumbList\",\"@id\":\"https:\/\/www.osadawidokowakoscielisko.pl\/sniadania\/#breadcrumb\",\"itemListElement\":[{\"@type\":\"ListItem\",\"position\":1,\"name\":\"Strona g\u0142\u00f3wna\",\"item\":\"https:\/\/www.osadawidokowakoscielisko.pl\/en\/\"},{\"@type\":\"ListItem\",\"position\":2,\"name\":\"\u015aniadania\"}]},{\"@type\":\"WebSite\",\"@id\":\"https:\/\/www.osadawidokowakoscielisko.pl\/en\/#website\",\"url\":\"https:\/\/www.osadawidokowakoscielisko.pl\/en\/\",\"name\":\"Osada Widokowa Ko\u015bcielisko\",\"description\":\"\",\"potentialAction\":[{\"@type\":\"SearchAction\",\"target\":{\"@type\":\"EntryPoint\",\"urlTemplate\":\"https:\/\/www.osadawidokowakoscielisko.pl\/en\/?s={search_term_string}\"},\"query-input\":\"required name=search_term_string\"}],\"inLanguage\":\"en-US\"}]}<\/script>\n<!-- \/ Yoast SEO plugin. -->","yoast_head_json":{"title":"Oferta \u015bniada\u0144 dla go\u015bci Osady Widokowej w Ko\u015bcielisku","description":"Zobacz nasz\u0105 ofert\u0119 \u015bniada\u0144 dostarczanych wprost pod drzwi Twojego apartamentu, Wybierz wersje z ciep\u0142ym posi\u0142kiem, wersje na s\u0142odko, wega\u0144sk\u0105 lub wegetaria\u0144sk\u0105. Odwied\u017a stron\u0119 i dowiedz si\u0119 wi\u0119cej.","robots":{"index":"index","follow":"follow","max-snippet":"max-snippet:-1","max-image-preview":"max-image-preview:large","max-video-preview":"max-video-preview:-1"},"canonical":"https:\/\/www.osadawidokowakoscielisko.pl\/en\/sniadania\/","og_locale":"en_US","og_type":"article","og_title":"Oferta \u015bniada\u0144 dla go\u015bci Osady Widokowej w Ko\u015bcielisku","og_description":"Zobacz nasz\u0105 ofert\u0119 \u015bniada\u0144 dostarczanych wprost pod drzwi Twojego apartamentu, Wybierz wersje z ciep\u0142ym posi\u0142kiem, wersje na s\u0142odko, wega\u0144sk\u0105 lub wegetaria\u0144sk\u0105. Odwied\u017a stron\u0119 i dowiedz si\u0119 wi\u0119cej.","og_url":"https:\/\/www.osadawidokowakoscielisko.pl\/en\/sniadania\/","og_site_name":"Osada Widokowa Ko\u015bcielisko","article_modified_time":"2024-10-02T06:27:09+00:00","twitter_card":"summary_large_image","schema":{"@context":"https:\/\/schema.org","@graph":[{"@type":"WebPage","@id":"https:\/\/www.osadawidokowakoscielisko.pl\/sniadania\/","url":"https:\/\/www.osadawidokowakoscielisko.pl\/sniadania\/","name":"Oferta \u015bniada\u0144 dla go\u015bci Osady Widokowej w Ko\u015bcielisku","isPartOf":{"@id":"https:\/\/www.osadawidokowakoscielisko.pl\/en\/#website"},"datePublished":"2023-10-16T07:20:37+00:00","dateModified":"2024-10-02T06:27:09+00:00","description":"Zobacz nasz\u0105 ofert\u0119 \u015bniada\u0144 dostarczanych wprost pod drzwi Twojego apartamentu, Wybierz wersje z ciep\u0142ym posi\u0142kiem, wersje na s\u0142odko, wega\u0144sk\u0105 lub wegetaria\u0144sk\u0105. Odwied\u017a stron\u0119 i dowiedz si\u0119 wi\u0119cej.","breadcrumb":{"@id":"https:\/\/www.osadawidokowakoscielisko.pl\/sniadania\/#breadcrumb"},"inLanguage":"en-US","potentialAction":[{"@type":"ReadAction","target":["https:\/\/www.osadawidokowakoscielisko.pl\/sniadania\/"]}]},{"@type":"BreadcrumbList","@id":"https:\/\/www.osadawidokowakoscielisko.pl\/sniadania\/#breadcrumb","itemListElement":[{"@type":"ListItem","position":1,"name":"Strona g\u0142\u00f3wna","item":"https:\/\/www.osadawidokowakoscielisko.pl\/en\/"},{"@type":"ListItem","position":2,"name":"\u015aniadania"}]},{"@type":"WebSite","@id":"https:\/\/www.osadawidokowakoscielisko.pl\/en\/#website","url":"https:\/\/www.osadawidokowakoscielisko.pl\/en\/","name":"Osada Widokowa Ko\u015bcielisko","description":"","potentialAction":[{"@type":"SearchAction","target":{"@type":"EntryPoint","urlTemplate":"https:\/\/www.osadawidokowakoscielisko.pl\/en\/?s={search_term_string}"},"query-input":"required name=search_term_string"}],"inLanguage":"en-US"}]}},"_links":{"self":[{"href":"https:\/\/www.osadawidokowakoscielisko.pl\/en\/wp-json\/wp\/v2\/pages\/668"}],"collection":[{"href":"https:\/\/www.osadawidokowakoscielisko.pl\/en\/wp-json\/wp\/v2\/pages"}],"about":[{"href":"https:\/\/www.osadawidokowakoscielisko.pl\/en\/wp-json\/wp\/v2\/types\/page"}],"author":[{"embeddable":true,"href":"https:\/\/www.osadawidokowakoscielisko.pl\/en\/wp-json\/wp\/v2\/users\/3"}],"replies":[{"embeddable":true,"href":"https:\/\/www.osadawidokowakoscielisko.pl\/en\/wp-json\/wp\/v2\/comments?post=668"}],"version-history":[{"count":3,"href":"https:\/\/www.osadawidokowakoscielisko.pl\/en\/wp-json\/wp\/v2\/pages\/668\/revisions"}],"predecessor-version":[{"id":1333,"href":"https:\/\/www.osadawidokowakoscielisko.pl\/en\/wp-json\/wp\/v2\/pages\/668\/revisions\/1333"}],"wp:attachment":[{"href":"https:\/\/www.osadawidokowakoscielisko.pl\/en\/wp-json\/wp\/v2\/media?parent=668"}],"curies":[{"name":"wp","href":"https:\/\/api.w.org\/{rel}","templated":true}]}}